{"id":10067,"date":"2023-10-09T05:38:22","date_gmt":"2023-10-09T05:38:22","guid":{"rendered":"https:\/\/gamigrupo.com.mx\/?page_id=10067"},"modified":"2023-10-24T01:18:57","modified_gmt":"2023-10-24T01:18:57","slug":"equipos-electricos","status":"publish","type":"page","link":"https:\/\/gamigrupo.com.mx\/es\/equipos-electricos\/","title":{"rendered":"Equipos el\u00e9ctricos"},"content":{"rendered":"<style>\nul#menu-all-services a{\n        cursor: default !important;\n        pointer-events: none !important;        \n        text-decoration: none !important;\n}<\/p>\n<p>#menu-all-services li:before{\n    background-color:#1b99d6; \ntransition: all 200ms linear;\n    transition-delay: 0.1s;<\/p>\n<p>}\n#menu-all-services li:hover{\n    background-color:#1b99d6; \n    transition: transform 0.4s ease, -webkit-transform 0.4s ease;\n}\n<\/style>\n<div class=\"col\">\n<div class=\"sidebar-service wow fadeInLeft\" data-wow-delay=\"0.8s\">\n<li id=\"nav_menu-6\" class=\"widget widget_nav_menu\">\n<div class=\"menu-all-services-container\">\n<ul id=\"menu-all-services\" class=\"menu\">\n<li id=\"menu-item-8397\" class=\"menu-item menu-item-type-custom menu-item-object-custom menu-item-8397\"><a href=\"#\">Focos<\/a><\/li>\n<li id=\"menu-item-8396\" class=\"menu-item menu-item-type-custom menu-item-object-custom menu-item-8396\"><a href=\"#\">L\u00e1mparas<\/a><\/li>\n<li id=\"menu-item-8395\" class=\"menu-item menu-item-type-custom menu-item-object-custom menu-item-8395\"><a href=\"#\">Bater\u00edas<\/a><\/li>\n<li id=\"menu-item-8395\" class=\"menu-item menu-item-type-custom menu-item-object-custom menu-item-8395\"><a href=\"#\">Luces<\/a><\/li>\n<li id=\"menu-item-8395\" class=\"menu-item menu-item-type-custom menu-item-object-custom menu-item-8395\"><a href=\"#\">Cable El\u00e9ctrico<\/a><\/li>\n<li id=\"menu-item-8722\" class=\"menu-item menu-item-type-custom menu-item-object-custom menu-item-8722\"><a href=\"#\">Entre otros<\/a><\/li>\n<\/ul><\/div>\n<\/li><\/div>\n<\/div>\n","protected":false},"excerpt":{"rendered":"<p>Focos L\u00e1mparas Bater\u00edas Luces Cable El\u00e9ctrico Entre otros<\/p>\n","protected":false},"author":1,"featured_media":9485,"parent":0,"menu_order":0,"comment_status":"closed","ping_status":"closed","template":"template-project-detail.php","meta":{"footnotes":""},"class_list":["post-10067","page","type-page","status-publish","has-post-thumbnail","hentry"],"acf":[],"aioseo_notices":[],"_links":{"self":[{"href":"https:\/\/gamigrupo.com.mx\/es\/wp-json\/wp\/v2\/pages\/10067","targetHints":{"allow":["GET"]}}],"collection":[{"href":"https:\/\/gamigrupo.com.mx\/es\/wp-json\/wp\/v2\/pages"}],"about":[{"href":"https:\/\/gamigrupo.com.mx\/es\/wp-json\/wp\/v2\/types\/page"}],"author":[{"embeddable":true,"href":"https:\/\/gamigrupo.com.mx\/es\/wp-json\/wp\/v2\/users\/1"}],"replies":[{"embeddable":true,"href":"https:\/\/gamigrupo.com.mx\/es\/wp-json\/wp\/v2\/comments?post=10067"}],"version-history":[{"count":2,"href":"https:\/\/gamigrupo.com.mx\/es\/wp-json\/wp\/v2\/pages\/10067\/revisions"}],"predecessor-version":[{"id":10247,"href":"https:\/\/gamigrupo.com.mx\/es\/wp-json\/wp\/v2\/pages\/10067\/revisions\/10247"}],"wp:featuredmedia":[{"embeddable":true,"href":"https:\/\/gamigrupo.com.mx\/es\/wp-json\/wp\/v2\/media\/9485"}],"wp:attachment":[{"href":"https:\/\/gamigrupo.com.mx\/es\/wp-json\/wp\/v2\/media?parent=10067"}],"curies":[{"name":"wp","href":"https:\/\/api.w.org\/{rel}","templated":true}]}}