{"id":9701,"date":"2022-05-14T15:59:01","date_gmt":"2022-05-14T15:59:01","guid":{"rendered":"http:\/\/garantiwebdesign.com\/wordpress\/logista\/?page_id=347"},"modified":"2023-10-22T15:37:43","modified_gmt":"2023-10-22T15:37:43","slug":"servicio-de-consultoria","status":"publish","type":"page","link":"https:\/\/gamigrupo.com.mx\/es\/servicio-de-consultoria\/","title":{"rendered":"Servicio de Consultor\u00eda"},"content":{"rendered":"<p>Estos son algunos de nuestros servicios de consultor\u00eda, si tu requerimiento no esta en listado por favor cont\u00e1ctenos y ser\u00e1 un placer ayudarte.<\/p>\n","protected":false},"excerpt":{"rendered":"<p>Estos son algunos de nuestros servicios de consultor\u00eda, si tu requerimiento no esta en listado por favor cont\u00e1ctenos y ser\u00e1 un placer ayudarte.<\/p>\n","protected":false},"author":1,"featured_media":9486,"parent":0,"menu_order":0,"comment_status":"closed","ping_status":"closed","template":"template-blog.php","meta":{"footnotes":""},"class_list":["post-9701","page","type-page","status-publish","has-post-thumbnail","hentry"],"acf":[],"aioseo_notices":[],"_links":{"self":[{"href":"https:\/\/gamigrupo.com.mx\/es\/wp-json\/wp\/v2\/pages\/9701","targetHints":{"allow":["GET"]}}],"collection":[{"href":"https:\/\/gamigrupo.com.mx\/es\/wp-json\/wp\/v2\/pages"}],"about":[{"href":"https:\/\/gamigrupo.com.mx\/es\/wp-json\/wp\/v2\/types\/page"}],"author":[{"embeddable":true,"href":"https:\/\/gamigrupo.com.mx\/es\/wp-json\/wp\/v2\/users\/1"}],"replies":[{"embeddable":true,"href":"https:\/\/gamigrupo.com.mx\/es\/wp-json\/wp\/v2\/comments?post=9701"}],"version-history":[{"count":8,"href":"https:\/\/gamigrupo.com.mx\/es\/wp-json\/wp\/v2\/pages\/9701\/revisions"}],"predecessor-version":[{"id":10164,"href":"https:\/\/gamigrupo.com.mx\/es\/wp-json\/wp\/v2\/pages\/9701\/revisions\/10164"}],"wp:featuredmedia":[{"embeddable":true,"href":"https:\/\/gamigrupo.com.mx\/es\/wp-json\/wp\/v2\/media\/9486"}],"wp:attachment":[{"href":"https:\/\/gamigrupo.com.mx\/es\/wp-json\/wp\/v2\/media?parent=9701"}],"curies":[{"name":"wp","href":"https:\/\/api.w.org\/{rel}","templated":true}]}}