{"id":9831,"date":"2023-10-08T04:46:54","date_gmt":"2023-10-08T04:46:54","guid":{"rendered":"https:\/\/gamigrupo.com.mx\/?page_id=9831"},"modified":"2023-10-23T23:56:10","modified_gmt":"2023-10-23T23:56:10","slug":"equipo-de-seguridad","status":"publish","type":"page","link":"https:\/\/gamigrupo.com.mx\/es\/equipo-de-seguridad\/","title":{"rendered":"Equipo de seguridad"},"content":{"rendered":"<style>\nul#menu-all-services a{\n        cursor: default !important;\n        pointer-events: none !important;        \n        text-decoration: none !important;\n}<\/p>\n<p>#menu-all-services li:before{\n    background-color:#1b99d6; \ntransition: all 200ms linear;\n    transition-delay: 0.1s;<\/p>\n<p>}\n#menu-all-services li:hover{\n    background-color:#1b99d6; \n    transition: transform 0.4s ease, -webkit-transform 0.4s ease;\n}\n<\/style>\n<div class=\"col\">\n<div class=\"sidebar-service wow fadeInLeft\" data-wow-delay=\"0.8s\">\n<li id=\"nav_menu-6\" class=\"widget widget_nav_menu\">\n<div class=\"menu-all-services-container\">\n<ul id=\"menu-all-services\" class=\"menu\">\n<li id=\"menu-item-8397\" class=\"menu-item menu-item-type-custom menu-item-object-custom menu-item-8397\"><a href=\"#\">Coveralls<\/a><\/li>\n<li id=\"menu-item-8396\" class=\"menu-item menu-item-type-custom menu-item-object-custom menu-item-8396\"><a href=\"#\">Botas\/Zapatos de Seguridad<\/a><\/li>\n<li id=\"menu-item-8395\" class=\"menu-item menu-item-type-custom menu-item-object-custom menu-item-8395\"><a href=\"#\">Guantes<\/a><\/li>\n<li id=\"menu-item-8395\" class=\"menu-item menu-item-type-custom menu-item-object-custom menu-item-8395\"><a href=\"#\">Lentes de seguridad<\/a><\/li>\n<li id=\"menu-item-8395\" class=\"menu-item menu-item-type-custom menu-item-object-custom menu-item-8395\"><a href=\"#\">Cascos<\/a><\/li>\n<li id=\"menu-item-8395\" class=\"menu-item menu-item-type-custom menu-item-object-custom menu-item-8395\"><a href=\"#\">Equipos de Inmersi\u00f3n<\/a><\/li>\n<li id=\"menu-item-8395\" class=\"menu-item menu-item-type-custom menu-item-object-custom menu-item-8395\"><a href=\"#\">Equipos de respiraci\u00f3n aut\u00f3noma<\/a><\/li>\n<li id=\"menu-item-8395\" class=\"menu-item menu-item-type-custom menu-item-object-custom menu-item-8395\"><a href=\"#\">Equipos de buceo<\/a><\/li>\n<li id=\"menu-item-8395\" class=\"menu-item menu-item-type-custom menu-item-object-custom menu-item-8395\"><a href=\"#\">Extintores<\/a><\/li>\n<li id=\"menu-item-8395\" class=\"menu-item menu-item-type-custom menu-item-object-custom menu-item-8395\"><a href=\"#\">Chalecos Salvavidas<\/a><\/li>\n<li id=\"menu-item-8395\" class=\"menu-item menu-item-type-custom menu-item-object-custom menu-item-8395\"><a href=\"#\">Balsas Salvavidas<\/a><\/li>\n<li id=\"menu-item-8395\" class=\"menu-item menu-item-type-custom menu-item-object-custom menu-item-8395\"><a href=\"#\">Equipos de CO2<\/a><\/li>\n<li id=\"menu-item-8395\" class=\"menu-item menu-item-type-custom menu-item-object-custom menu-item-8395\"><a href=\"#\">Boyas<\/a><\/li>\n<li id=\"menu-item-8395\" class=\"menu-item menu-item-type-custom menu-item-object-custom menu-item-8395\"><a href=\"#\">Medicinas<\/a><\/li>\n<li id=\"menu-item-8395\" class=\"menu-item menu-item-type-custom menu-item-object-custom menu-item-8395\"><a href=\"#\">Equipos de Bombero<\/a><\/li>\n<li id=\"menu-item-8395\" class=\"menu-item menu-item-type-custom menu-item-object-custom menu-item-8395\"><a href=\"#\">Viudas<\/a><\/li>\n<li id=\"menu-item-8722\" class=\"menu-item menu-item-type-custom menu-item-object-custom menu-item-8722\"><a href=\"#\">Entre otros<\/a><\/li>\n<\/ul><\/div>\n<\/li><\/div>\n<\/div>\n","protected":false},"excerpt":{"rendered":"<p>Coveralls Botas\/Zapatos de Seguridad Guantes Lentes de seguridad Cascos Equipos de Inmersi\u00f3n Equipos de respiraci\u00f3n aut\u00f3noma Equipos de buceo Extintores Chalecos Salvavidas Balsas Salvavidas Equipos de CO2 Boyas Medicinas Equipos de Bombero Viudas Entre otros<\/p>\n","protected":false},"author":1,"featured_media":9485,"parent":0,"menu_order":0,"comment_status":"closed","ping_status":"closed","template":"template-project-detail.php","meta":{"footnotes":""},"class_list":["post-9831","page","type-page","status-publish","has-post-thumbnail","hentry"],"acf":[],"aioseo_notices":[],"_links":{"self":[{"href":"https:\/\/gamigrupo.com.mx\/es\/wp-json\/wp\/v2\/pages\/9831","targetHints":{"allow":["GET"]}}],"collection":[{"href":"https:\/\/gamigrupo.com.mx\/es\/wp-json\/wp\/v2\/pages"}],"about":[{"href":"https:\/\/gamigrupo.com.mx\/es\/wp-json\/wp\/v2\/types\/page"}],"author":[{"embeddable":true,"href":"https:\/\/gamigrupo.com.mx\/es\/wp-json\/wp\/v2\/users\/1"}],"replies":[{"embeddable":true,"href":"https:\/\/gamigrupo.com.mx\/es\/wp-json\/wp\/v2\/comments?post=9831"}],"version-history":[{"count":2,"href":"https:\/\/gamigrupo.com.mx\/es\/wp-json\/wp\/v2\/pages\/9831\/revisions"}],"predecessor-version":[{"id":10229,"href":"https:\/\/gamigrupo.com.mx\/es\/wp-json\/wp\/v2\/pages\/9831\/revisions\/10229"}],"wp:featuredmedia":[{"embeddable":true,"href":"https:\/\/gamigrupo.com.mx\/es\/wp-json\/wp\/v2\/media\/9485"}],"wp:attachment":[{"href":"https:\/\/gamigrupo.com.mx\/es\/wp-json\/wp\/v2\/media?parent=9831"}],"curies":[{"name":"wp","href":"https:\/\/api.w.org\/{rel}","templated":true}]}}